{"id":628,"date":"2023-08-03T17:40:48","date_gmt":"2023-08-03T17:40:48","guid":{"rendered":"https:\/\/dev.cayecaulkercasita.com\/?page_id=628"},"modified":"2023-08-20T19:30:58","modified_gmt":"2023-08-20T19:30:58","slug":"faq","status":"publish","type":"page","link":"https:\/\/cayecaulkercasita.com\/fr\/faq\/","title":{"rendered":"FAQ"},"content":{"rendered":"[vc_row type=\u00a0\u00bbin_container\u00a0\u00bb full_screen_row_position=\u00a0\u00bbmiddle\u00a0\u00bb column_margin=\u00a0\u00bbdefault\u00a0\u00bb column_direction=\u00a0\u00bbdefault\u00a0\u00bb column_direction_tablet=\u00a0\u00bbdefault\u00a0\u00bb column_direction_phone=\u00a0\u00bbdefault\u00a0\u00bb scene_position=\u00a0\u00bbcenter\u00a0\u00bb text_color=\u00a0\u00bbdark\u00a0\u00bb text_align=\u00a0\u00bbleft\u00a0\u00bb row_border_radius=\u00a0\u00bbnone\u00a0\u00bb row_border_radius_applies=\u00a0\u00bbbg\u00a0\u00bb overflow=\u00a0\u00bbvisible\u00a0\u00bb overlay_strength=\u00a0\u00bb0.3&Prime; gradient_direction=\u00a0\u00bbleft_to_right\u00a0\u00bb shape_divider_position=\u00a0\u00bbbottom\u00a0\u00bb bg_image_animation=\u00a0\u00bbnone\u00a0\u00bb][vc_column column_padding=\u00a0\u00bbno-extra-padding\u00a0\u00bb column_padding_tablet=\u00a0\u00bbinherit\u00a0\u00bb column_padding_phone=\u00a0\u00bbinherit\u00a0\u00bb column_padding_position=\u00a0\u00bball\u00a0\u00bb column_element_direction_desktop=\u00a0\u00bbdefault\u00a0\u00bb column_element_spacing=\u00a0\u00bbdefault\u00a0\u00bb desktop_text_alignment=\u00a0\u00bbdefault\u00a0\u00bb tablet_text_alignment=\u00a0\u00bbdefault\u00a0\u00bb phone_text_alignment=\u00a0\u00bbdefault\u00a0\u00bb background_color_opacity=\u00a0\u00bb1&Prime; background_hover_color_opacity=\u00a0\u00bb1&Prime; column_backdrop_filter=\u00a0\u00bbnone\u00a0\u00bb column_shadow=\u00a0\u00bbnone\u00a0\u00bb column_border_radius=\u00a0\u00bbnone\u00a0\u00bb column_link_target=\u00a0\u00bb_self\u00a0\u00bb column_position=\u00a0\u00bbdefault\u00a0\u00bb gradient_direction=\u00a0\u00bbleft_to_right\u00a0\u00bb overlay_strength=\u00a0\u00bb0.3&Prime; width=\u00a0\u00bb1\/1&Prime; tablet_width_inherit=\u00a0\u00bbdefault\u00a0\u00bb animation_type=\u00a0\u00bbdefault\u00a0\u00bb bg_image_animation=\u00a0\u00bbnone\u00a0\u00bb border_type=\u00a0\u00bbsimple\u00a0\u00bb column_border_width=\u00a0\u00bbnone\u00a0\u00bb column_border_style=\u00a0\u00bbsolid\u00a0\u00bb][divider line_type=\u00a0\u00bbNo Line\u00a0\u00bb custom_height=\u00a0\u00bb35&Prime;][toggles style=\u00a0\u00bbdefault\u00a0\u00bb border_radius=\u00a0\u00bbnone\u00a0\u00bb][toggle color=\u00a0\u00bbDefault\u00a0\u00bb heading_tag=\u00a0\u00bbdefault\u00a0\u00bb heading_tag_functionality=\u00a0\u00bbdefault\u00a0\u00bb title=\u00a0\u00bbO\u00f9 se trouve Amanda&rsquo;s Place sur l&rsquo;\u00eele ?\u00a0\u00bb][vc_column_text]Nous sommes situ\u00e9s au centre, \u00e0 seulement 1,5 p\u00e2t\u00e9s de maisons du terminal de bateau-taxi, dans la rue des restaurants, des visites et \u00e0 1 min. \u00e0 pied de l&rsquo;oc\u00e9an.[\/vc_column_text][\/toggle][toggle color=\u00a0\u00bbDefault\u00a0\u00bb heading_tag=\u00a0\u00bbdefault\u00a0\u00bb heading_tag_functionality=\u00a0\u00bbdefault\u00a0\u00bb title=\u00a0\u00bbComment rejoindre Caye Caulker depuis l&rsquo;a\u00e9roport international de Belize City ?\u00a0\u00bb][vc_column_text]<strong>Il y a 2 options :<\/strong><\/p>\n<p><strong>Premi\u00e8re option :<\/strong> prendre un taxi de l&rsquo;a\u00e9roport au bateau-taxi du centre-ville ; nous pouvons envoyer notre chauffeur \u00e0 la rencontre de votre vol et il vous d\u00e9posera ensuite au terminal de bateau-taxi; c&rsquo;est environ 25 minutes. conduire. Nous aurions besoin des d\u00e9tails de votre vol pour cela.<\/p>\n<p>Il existe deux compagnies de bateaux-taxis avec un service tout aussi bon. Vous pouvez consulter les horaires sur https:\/\/sprinter.bz\/ et https:\/\/belizewatertaxi.com\/schedule\/. Le trajet dure environ 45 min.<\/p>\n<p><strong>Deuxi\u00e8me option :<\/strong> voler avec www.tropicair.com ou www.mayaislandair.com. Apr\u00e8s 10 min. vol, vous atterrirez sur le petit a\u00e9roport de Caye Caulker.[\/vc_column_text][\/toggle][toggle color=\u00a0\u00bbDefault\u00a0\u00bb heading_tag=\u00a0\u00bbdefault\u00a0\u00bb heading_tag_functionality=\u00a0\u00bbdefault\u00a0\u00bb title=\u00a0\u00bbComment rejoindre Amanda&rsquo;s Place une fois sur l&rsquo;\u00eele ?\u00a0\u00bb][vc_column_text]Le logement est situ\u00e9 sur la rue Front, au sud du terminal des bateaux-taxis.<\/p>\n<p>Si vous arrivez avec le bateau-taxi : \u00e0 pied, c&rsquo;est 5 min. marcher; traversez le terrain de basket (San Pedro Belize express) ou allez tout droit (Caribbean Sprinter), tournez \u00e0 gauche sur Front street, passez devant le restaurant Hibisca, le caf\u00e9 Amor Y et Pasta Per Caso ; Amanda&rsquo;s Place est au coin suivant sur la droite. Il y a un panneau \u00e0 l&rsquo;ext\u00e9rieur.<br \/>\nSi vous arrivez \u00e0 l&rsquo;a\u00e9roport : c&rsquo;est 25 min. marcher; prendre la rue devant l&rsquo;a\u00e9roport tout droit jusqu&rsquo;\u00e0 la rue Aventurera, tourner \u00e0 droite et marcher jusqu&rsquo;\u00e0 traverser la rue Front (Avenida Hicaco); tournez \u00e0 droite et Amanda&rsquo;S Place sera \u00e0 votre droite.<\/p>\n<p>Il y a un panneau \u00e0 l&rsquo;ext\u00e9rieur.<\/p>\n<p>Nous pouvons vous r\u00e9server un taxi local qui viendra vous chercher au terminal des bateaux-taxis ou \u00e0 l&rsquo;a\u00e9roport. Demandez-nous simplement.[\/vc_column_text][\/toggle][toggle color=\u00a0\u00bbDefault\u00a0\u00bb heading_tag=\u00a0\u00bbdefault\u00a0\u00bb heading_tag_functionality=\u00a0\u00bbdefault\u00a0\u00bb title=\u00a0\u00bbQuelles sont les principales activit\u00e9s sur l&rsquo;\u00eele ?\u00a0\u00bb][vc_column_text]La plong\u00e9e avec tuba et la plong\u00e9e sont les activit\u00e9s les plus populaires, mais la p\u00eache, la pagaie, le kayak, le v\u00e9lo, la marche sont d&rsquo;autres possibilit\u00e9s pour passer votre temps. Et bien s\u00fbr, n&rsquo;oubliez pas de vous d\u00e9tendre autour de la piscine d&rsquo;Amanda&rsquo;s Place apr\u00e8s vos activit\u00e9s. Le soir, des restaurants et des bars proposeront de la bonne nourriture, des boissons et de la musique live.[\/vc_column_text][\/toggle][toggle color=\u00a0\u00bbDefault\u00a0\u00bb heading_tag=\u00a0\u00bbdefault\u00a0\u00bb heading_tag_functionality=\u00a0\u00bbdefault\u00a0\u00bb title=\u00a0\u00bbQuelle est la devise du B\u00e9lize ?\u00a0\u00bb][vc_column_text]Nous avons le dollar b\u00e9lizien. BZD. Il est index\u00e9 sur le dollar am\u00e9ricain \u00e0 2BZD:1USD. Il y a 2 guichets automatiques \u00e0 Caye Caulker, qui acceptent les cartes \u00e9trang\u00e8res. La devise am\u00e9ricaine est largement accept\u00e9e et votre monnaie reviendra en dollars BZD. Les cartes de cr\u00e9dit sont accept\u00e9es presque partout.[\/vc_column_text][\/toggle][toggle color=\u00a0\u00bbDefault\u00a0\u00bb heading_tag=\u00a0\u00bbdefault\u00a0\u00bb heading_tag_functionality=\u00a0\u00bbdefault\u00a0\u00bb title=\u00a0\u00bbEst-il possible de louer un v\u00e9lo ou une voiturette de golf ?\u00a0\u00bb][vc_column_text]Oui, il existe plusieurs endroits o\u00f9 vous pouvez louer des v\u00e9los ou des voiturettes de golf de quelques heures \u00e0 quelques jours. Amanda&rsquo;s Place ne fournit pas de v\u00e9los car il est situ\u00e9 au centre et tout est accessible \u00e0 pied.[\/vc_column_text][\/toggle][toggle color=\u00a0\u00bbDefault\u00a0\u00bb heading_tag=\u00a0\u00bbdefault\u00a0\u00bb heading_tag_functionality=\u00a0\u00bbdefault\u00a0\u00bb title=\u00a0\u00bbQuelle est l&rsquo;heure d&rsquo;arriv\u00e9e\/de d\u00e9part ?\u00a0\u00bb][vc_column_text]Check-in times &#8211; We are happy to check you in whenever the housCheck-out times &#8211; 10am is the ideal check-out time.<\/p>\n<p>e is ready- this varies so check with us before if you are wishing to come in before the 3pm time.[\/vc_column_text][\/toggle][toggle color=\u00a0\u00bbDefault\u00a0\u00bb heading_tag=\u00a0\u00bbdefault\u00a0\u00bb heading_tag_functionality=\u00a0\u00bbdefault\u00a0\u00bb title=\u00a0\u00bbFournissez-vous la literie ?\u00a0\u00bb][vc_column_text]Nous fournissons le linge de lit, les serviettes et les serviettes de piscine.[\/vc_column_text][\/toggle][toggle color=\u00a0\u00bbDefault\u00a0\u00bb heading_tag=\u00a0\u00bbdefault\u00a0\u00bb heading_tag_functionality=\u00a0\u00bbdefault\u00a0\u00bb title=\u00a0\u00bbLa piscine est-elle commune ?\u00a0\u00bb][vc_column_text]Oui, la piscine est partag\u00e9e entre les 4 logements (max 12-14 pers.)[\/vc_column_text][\/toggle][toggle color=\u00a0\u00bbDefault\u00a0\u00bb heading_tag=\u00a0\u00bbdefault\u00a0\u00bb heading_tag_functionality=\u00a0\u00bbdefault\u00a0\u00bb title=\u00a0\u00bbY a-t-il une pharmacie ?\u00a0\u00bb][vc_column_text]Il y a 2 pharmacies sur l&rsquo;\u00eele.[\/vc_column_text][\/toggle][toggle color=\u00a0\u00bbDefault\u00a0\u00bb heading_tag=\u00a0\u00bbdefault\u00a0\u00bb heading_tag_functionality=\u00a0\u00bbdefault\u00a0\u00bb title=\u00a0\u00bbY a-t-il un m\u00e9decin ?\u00a0\u00bb][vc_column_text]Oui, il y a des m\u00e9decins et un centre de sant\u00e9.[\/vc_column_text][\/toggle][toggle color=\u00a0\u00bbDefault\u00a0\u00bb heading_tag=\u00a0\u00bbdefault\u00a0\u00bb heading_tag_functionality=\u00a0\u00bbdefault\u00a0\u00bb title=\u00a0\u00bbY a-t-il des plages \u00e0 Caye Caulker ?\u00a0\u00bb][vc_column_text]Il n&rsquo;y a pas de grande plage de sable, mais plusieurs endroits pour se baigner dans la mer.[\/vc_column_text][\/toggle][toggle color=\u00a0\u00bbDefault\u00a0\u00bb heading_tag=\u00a0\u00bbdefault\u00a0\u00bb heading_tag_functionality=\u00a0\u00bbdefault\u00a0\u00bb title=\u00a0\u00bbOrganisation de s\u00e9jour ?\u00a0\u00bb][vc_column_text]Nous pouvons vous aider \u00e0 organiser votre s\u00e9jour en vous r\u00e9servant \u00e0 l&rsquo;avance des activit\u00e9s et\/ou des restaurants. Demandez-nous plus de d\u00e9tails.[\/vc_column_text][\/toggle][\/toggles][\/vc_column][\/vc_row]\n","protected":false},"excerpt":{"rendered":"<p>[vc_row type=\u00a0\u00bbin_container\u00a0\u00bb full_screen_row_position=\u00a0\u00bbmiddle\u00a0\u00bb column_margin=\u00a0\u00bbdefault\u00a0\u00bb column_direction=\u00a0\u00bbdefault\u00a0\u00bb column_direction_tablet=\u00a0\u00bbdefault\u00a0\u00bb column_direction_phone=\u00a0\u00bbdefault\u00a0\u00bb scene_position=\u00a0\u00bbcenter\u00a0\u00bb text_color=\u00a0\u00bbdark\u00a0\u00bb text_align=\u00a0\u00bbleft\u00a0\u00bb row_border_radius=\u00a0\u00bbnone\u00a0\u00bb row_border_radius_applies=\u00a0\u00bbbg\u00a0\u00bb overflow=\u00a0\u00bbvisible\u00a0\u00bb overlay_strength=\u00a0\u00bb0.3&Prime; gradient_direction=\u00a0\u00bbleft_to_right\u00a0\u00bb shape_divider_position=\u00a0\u00bbbottom\u00a0\u00bb bg_image_animation=\u00a0\u00bbnone\u00a0\u00bb][vc_column column_padding=\u00a0\u00bbno-extra-padding\u00a0\u00bb column_padding_tablet=\u00a0\u00bbinherit\u00a0\u00bb column_padding_phone=\u00a0\u00bbinherit\u00a0\u00bb column_padding_position=\u00a0\u00bball\u00a0\u00bb column_element_direction_desktop=\u00a0\u00bbdefault\u00a0\u00bb column_element_spacing=\u00a0\u00bbdefault\u00a0\u00bb desktop_text_alignment=\u00a0\u00bbdefault\u00a0\u00bb tablet_text_alignment=\u00a0\u00bbdefault\u00a0\u00bb phone_text_alignment=\u00a0\u00bbdefault\u00a0\u00bb background_color_opacity=\u00a0\u00bb1&Prime; background_hover_color_opacity=\u00a0\u00bb1&Prime; column_backdrop_filter=\u00a0\u00bbnone\u00a0\u00bb column_shadow=\u00a0\u00bbnone\u00a0\u00bb&#8230;<\/p>\n","protected":false},"author":1,"featured_media":0,"parent":0,"menu_order":0,"comment_status":"closed","ping_status":"closed","template":"","meta":{"footnotes":""},"class_list":["post-628","page","type-page","status-publish"],"yoast_head":"<!-- This site is optimized with the Yoast SEO plugin v26.8 - https:\/\/yoast.com\/product\/yoast-seo-wordpress\/ -->\n<title>FAQ - Amanda&#039;s Place<\/title>\n<meta name=\"robots\" content=\"index, follow, max-snippet:-1, max-image-preview:large, max-video-preview:-1\" \/>\n<link rel=\"canonical\" href=\"https:\/\/cayecaulkercasita.com\/fr\/faq\/\" \/>\n<meta property=\"og:locale\" content=\"fr_FR\" \/>\n<meta property=\"og:type\" content=\"article\" \/>\n<meta property=\"og:title\" content=\"FAQ - Amanda&#039;s Place\" \/>\n<meta property=\"og:description\" content=\"[vc_row type=\u00a0\u00bbin_container\u00a0\u00bb full_screen_row_position=\u00a0\u00bbmiddle\u00a0\u00bb column_margin=\u00a0\u00bbdefault\u00a0\u00bb column_direction=\u00a0\u00bbdefault\u00a0\u00bb column_direction_tablet=\u00a0\u00bbdefault\u00a0\u00bb column_direction_phone=\u00a0\u00bbdefault\u00a0\u00bb scene_position=\u00a0\u00bbcenter\u00a0\u00bb text_color=\u00a0\u00bbdark\u00a0\u00bb text_align=\u00a0\u00bbleft\u00a0\u00bb row_border_radius=\u00a0\u00bbnone\u00a0\u00bb row_border_radius_applies=\u00a0\u00bbbg\u00a0\u00bb overflow=\u00a0\u00bbvisible\u00a0\u00bb overlay_strength=\u00a0\u00bb0.3&Prime; gradient_direction=\u00a0\u00bbleft_to_right\u00a0\u00bb shape_divider_position=\u00a0\u00bbbottom\u00a0\u00bb bg_image_animation=\u00a0\u00bbnone\u00a0\u00bb][vc_column column_padding=\u00a0\u00bbno-extra-padding\u00a0\u00bb column_padding_tablet=\u00a0\u00bbinherit\u00a0\u00bb column_padding_phone=\u00a0\u00bbinherit\u00a0\u00bb column_padding_position=\u00a0\u00bball\u00a0\u00bb column_element_direction_desktop=\u00a0\u00bbdefault\u00a0\u00bb column_element_spacing=\u00a0\u00bbdefault\u00a0\u00bb desktop_text_alignment=\u00a0\u00bbdefault\u00a0\u00bb tablet_text_alignment=\u00a0\u00bbdefault\u00a0\u00bb phone_text_alignment=\u00a0\u00bbdefault\u00a0\u00bb background_color_opacity=\u00a0\u00bb1&Prime; background_hover_color_opacity=\u00a0\u00bb1&Prime; column_backdrop_filter=\u00a0\u00bbnone\u00a0\u00bb column_shadow=\u00a0\u00bbnone\u00a0\u00bb...\" \/>\n<meta property=\"og:url\" content=\"https:\/\/cayecaulkercasita.com\/fr\/faq\/\" \/>\n<meta property=\"og:site_name\" content=\"Amanda&#039;s Place\" \/>\n<meta property=\"article:modified_time\" content=\"2023-08-20T19:30:58+00:00\" \/>\n<meta name=\"twitter:card\" content=\"summary_large_image\" \/>\n<meta name=\"twitter:label1\" content=\"Dur\u00e9e de lecture estim\u00e9e\" \/>\n\t<meta name=\"twitter:data1\" content=\"4 minutes\" \/>\n<script type=\"application\/ld+json\" class=\"yoast-schema-graph\">{\"@context\":\"https:\/\/schema.org\",\"@graph\":[{\"@type\":\"WebPage\",\"@id\":\"https:\/\/cayecaulkercasita.com\/fr\/faq\/\",\"url\":\"https:\/\/cayecaulkercasita.com\/fr\/faq\/\",\"name\":\"FAQ - Amanda's Place\",\"isPartOf\":{\"@id\":\"https:\/\/cayecaulkercasita.com\/fr\/#website\"},\"datePublished\":\"2023-08-03T17:40:48+00:00\",\"dateModified\":\"2023-08-20T19:30:58+00:00\",\"breadcrumb\":{\"@id\":\"https:\/\/cayecaulkercasita.com\/fr\/faq\/#breadcrumb\"},\"inLanguage\":\"fr-FR\",\"potentialAction\":[{\"@type\":\"ReadAction\",\"target\":[\"https:\/\/cayecaulkercasita.com\/fr\/faq\/\"]}]},{\"@type\":\"BreadcrumbList\",\"@id\":\"https:\/\/cayecaulkercasita.com\/fr\/faq\/#breadcrumb\",\"itemListElement\":[{\"@type\":\"ListItem\",\"position\":1,\"name\":\"Home\",\"item\":\"https:\/\/cayecaulkercasita.com\/fr\/\"},{\"@type\":\"ListItem\",\"position\":2,\"name\":\"FAQ\"}]},{\"@type\":\"WebSite\",\"@id\":\"https:\/\/cayecaulkercasita.com\/fr\/#website\",\"url\":\"https:\/\/cayecaulkercasita.com\/fr\/\",\"name\":\"Amanda's Place\",\"description\":\"Vacation Rental Homes in Caye Caulker, Belize\",\"potentialAction\":[{\"@type\":\"SearchAction\",\"target\":{\"@type\":\"EntryPoint\",\"urlTemplate\":\"https:\/\/cayecaulkercasita.com\/fr\/?s={search_term_string}\"},\"query-input\":{\"@type\":\"PropertyValueSpecification\",\"valueRequired\":true,\"valueName\":\"search_term_string\"}}],\"inLanguage\":\"fr-FR\"}]}<\/script>\n<!-- \/ Yoast SEO plugin. -->","yoast_head_json":{"title":"FAQ - Amanda's Place","robots":{"index":"index","follow":"follow","max-snippet":"max-snippet:-1","max-image-preview":"max-image-preview:large","max-video-preview":"max-video-preview:-1"},"canonical":"https:\/\/cayecaulkercasita.com\/fr\/faq\/","og_locale":"fr_FR","og_type":"article","og_title":"FAQ - Amanda's Place","og_description":"[vc_row type=\u00a0\u00bbin_container\u00a0\u00bb full_screen_row_position=\u00a0\u00bbmiddle\u00a0\u00bb column_margin=\u00a0\u00bbdefault\u00a0\u00bb column_direction=\u00a0\u00bbdefault\u00a0\u00bb column_direction_tablet=\u00a0\u00bbdefault\u00a0\u00bb column_direction_phone=\u00a0\u00bbdefault\u00a0\u00bb scene_position=\u00a0\u00bbcenter\u00a0\u00bb text_color=\u00a0\u00bbdark\u00a0\u00bb text_align=\u00a0\u00bbleft\u00a0\u00bb row_border_radius=\u00a0\u00bbnone\u00a0\u00bb row_border_radius_applies=\u00a0\u00bbbg\u00a0\u00bb overflow=\u00a0\u00bbvisible\u00a0\u00bb overlay_strength=\u00a0\u00bb0.3&Prime; gradient_direction=\u00a0\u00bbleft_to_right\u00a0\u00bb shape_divider_position=\u00a0\u00bbbottom\u00a0\u00bb bg_image_animation=\u00a0\u00bbnone\u00a0\u00bb][vc_column column_padding=\u00a0\u00bbno-extra-padding\u00a0\u00bb column_padding_tablet=\u00a0\u00bbinherit\u00a0\u00bb column_padding_phone=\u00a0\u00bbinherit\u00a0\u00bb column_padding_position=\u00a0\u00bball\u00a0\u00bb column_element_direction_desktop=\u00a0\u00bbdefault\u00a0\u00bb column_element_spacing=\u00a0\u00bbdefault\u00a0\u00bb desktop_text_alignment=\u00a0\u00bbdefault\u00a0\u00bb tablet_text_alignment=\u00a0\u00bbdefault\u00a0\u00bb phone_text_alignment=\u00a0\u00bbdefault\u00a0\u00bb background_color_opacity=\u00a0\u00bb1&Prime; background_hover_color_opacity=\u00a0\u00bb1&Prime; column_backdrop_filter=\u00a0\u00bbnone\u00a0\u00bb column_shadow=\u00a0\u00bbnone\u00a0\u00bb...","og_url":"https:\/\/cayecaulkercasita.com\/fr\/faq\/","og_site_name":"Amanda's Place","article_modified_time":"2023-08-20T19:30:58+00:00","twitter_card":"summary_large_image","twitter_misc":{"Dur\u00e9e de lecture estim\u00e9e":"4 minutes"},"schema":{"@context":"https:\/\/schema.org","@graph":[{"@type":"WebPage","@id":"https:\/\/cayecaulkercasita.com\/fr\/faq\/","url":"https:\/\/cayecaulkercasita.com\/fr\/faq\/","name":"FAQ - Amanda's Place","isPartOf":{"@id":"https:\/\/cayecaulkercasita.com\/fr\/#website"},"datePublished":"2023-08-03T17:40:48+00:00","dateModified":"2023-08-20T19:30:58+00:00","breadcrumb":{"@id":"https:\/\/cayecaulkercasita.com\/fr\/faq\/#breadcrumb"},"inLanguage":"fr-FR","potentialAction":[{"@type":"ReadAction","target":["https:\/\/cayecaulkercasita.com\/fr\/faq\/"]}]},{"@type":"BreadcrumbList","@id":"https:\/\/cayecaulkercasita.com\/fr\/faq\/#breadcrumb","itemListElement":[{"@type":"ListItem","position":1,"name":"Home","item":"https:\/\/cayecaulkercasita.com\/fr\/"},{"@type":"ListItem","position":2,"name":"FAQ"}]},{"@type":"WebSite","@id":"https:\/\/cayecaulkercasita.com\/fr\/#website","url":"https:\/\/cayecaulkercasita.com\/fr\/","name":"Amanda's Place","description":"Vacation Rental Homes in Caye Caulker, Belize","potentialAction":[{"@type":"SearchAction","target":{"@type":"EntryPoint","urlTemplate":"https:\/\/cayecaulkercasita.com\/fr\/?s={search_term_string}"},"query-input":{"@type":"PropertyValueSpecification","valueRequired":true,"valueName":"search_term_string"}}],"inLanguage":"fr-FR"}]}},"_links":{"self":[{"href":"https:\/\/cayecaulkercasita.com\/fr\/wp-json\/wp\/v2\/pages\/628","targetHints":{"allow":["GET"]}}],"collection":[{"href":"https:\/\/cayecaulkercasita.com\/fr\/wp-json\/wp\/v2\/pages"}],"about":[{"href":"https:\/\/cayecaulkercasita.com\/fr\/wp-json\/wp\/v2\/types\/page"}],"author":[{"embeddable":true,"href":"https:\/\/cayecaulkercasita.com\/fr\/wp-json\/wp\/v2\/users\/1"}],"replies":[{"embeddable":true,"href":"https:\/\/cayecaulkercasita.com\/fr\/wp-json\/wp\/v2\/comments?post=628"}],"version-history":[{"count":6,"href":"https:\/\/cayecaulkercasita.com\/fr\/wp-json\/wp\/v2\/pages\/628\/revisions"}],"predecessor-version":[{"id":1065,"href":"https:\/\/cayecaulkercasita.com\/fr\/wp-json\/wp\/v2\/pages\/628\/revisions\/1065"}],"wp:attachment":[{"href":"https:\/\/cayecaulkercasita.com\/fr\/wp-json\/wp\/v2\/media?parent=628"}],"curies":[{"name":"wp","href":"https:\/\/api.w.org\/{rel}","templated":true}]}}