{"id":833,"date":"2023-06-28T17:49:57","date_gmt":"2023-06-28T17:49:57","guid":{"rendered":"https:\/\/dev.cayecaulkercasita.com\/?page_id=833"},"modified":"2023-08-22T15:30:27","modified_gmt":"2023-08-22T15:30:27","slug":"nuetzliche-info","status":"publish","type":"page","link":"https:\/\/cayecaulkercasita.com\/de\/nuetzliche-info\/","title":{"rendered":"N\u00fctzliche Info"},"content":{"rendered":"[vc_row type=&#8220;in_container&#8220; full_screen_row_position=&#8220;middle&#8220; column_margin=&#8220;default&#8220; column_direction=&#8220;default&#8220; column_direction_tablet=&#8220;default&#8220; column_direction_phone=&#8220;default&#8220; scene_position=&#8220;center&#8220; text_color=&#8220;dark&#8220; text_align=&#8220;left&#8220; row_border_radius=&#8220;none&#8220; row_border_radius_applies=&#8220;bg&#8220; overflow=&#8220;visible&#8220; overlay_strength=&#8220;0.3&#8243; gradient_direction=&#8220;left_to_right&#8220; shape_divider_position=&#8220;bottom&#8220; bg_image_animation=&#8220;none&#8220;][vc_column column_padding=&#8220;no-extra-padding&#8220; column_padding_tablet=&#8220;inherit&#8220; column_padding_phone=&#8220;inherit&#8220; column_padding_position=&#8220;all&#8220; column_element_direction_desktop=&#8220;default&#8220; column_element_spacing=&#8220;default&#8220; desktop_text_alignment=&#8220;default&#8220; tablet_text_alignment=&#8220;default&#8220; phone_text_alignment=&#8220;default&#8220; background_color_opacity=&#8220;1&#8243; background_hover_color_opacity=&#8220;1&#8243; column_backdrop_filter=&#8220;none&#8220; column_shadow=&#8220;none&#8220; column_border_radius=&#8220;none&#8220; column_link_target=&#8220;_self&#8220; column_position=&#8220;default&#8220; gradient_direction=&#8220;left_to_right&#8220; overlay_strength=&#8220;0.3&#8243; width=&#8220;1\/1&#8243; tablet_width_inherit=&#8220;default&#8220; animation_type=&#8220;default&#8220; bg_image_animation=&#8220;none&#8220; border_type=&#8220;simple&#8220; column_border_width=&#8220;none&#8220; column_border_style=&#8220;solid&#8220;][vc_column_text]\n<h2>N\u00fctzliche Informationen f\u00fcr Ihren Urlaub in Caye Caulker, Belize<\/h2>\n<p><strong>Klima:<\/strong> Der beste Link hierf\u00fcr ist <a href=\"https:\/\/nms.gov.bz\"><strong>https:\/\/nms.gov.bz<\/strong><\/a> .<\/p>\n<p><strong>Sprache:<\/strong> Englisch ist die offizielle Sprache in Belize, aber Sie werden auch viele andere Sprachen h\u00f6ren. Spanisch, Maya, Garifuna, Kreolisch, um nur einige zu nennen. Weitere Informationen hierzu finden Sie unter <strong>https:\/\/www.belmopanonline.com\/belize-linguals<\/strong>.<\/p>\n<p>Infos zu Caye Caulker: Das Inselmotto lautet \u201eGO SLOW\u201c, das sagt alles, aber hier sind weitere Informationen:\u00a0 <a href=\"https:\/\/goslowcayecaulker.com\"><strong>https:\/\/goslowcayecaulker.com<\/strong><\/a><\/p>\n<p><strong>Geld:<\/strong> Wir haben den Belize-Dollar. BZD$. Die Bindung an den US-Dollar betr\u00e4gt 2BZD:1USD. Auf Caye Caulker gibt es zwei Geldautomaten, die ausl\u00e4ndische Karten akzeptieren. Die US-W\u00e4hrung wird weitgehend akzeptiert und Ihr Wechselgeld wird in BZD-Dollar zur\u00fcckgegeben.<\/p>\n<p><strong>Post:<\/strong> Das Postamt von Caye Caulker befindet sich in der Estrella Street, direkt an der Front Street oder dem Hicaco Drive.[\/vc_column_text][\/vc_column][\/vc_row][vc_row type=&#8220;in_container&#8220; full_screen_row_position=&#8220;middle&#8220; column_margin=&#8220;default&#8220; column_direction=&#8220;default&#8220; column_direction_tablet=&#8220;default&#8220; column_direction_phone=&#8220;default&#8220; scene_position=&#8220;center&#8220; text_color=&#8220;dark&#8220; text_align=&#8220;left&#8220; row_border_radius=&#8220;none&#8220; row_border_radius_applies=&#8220;bg&#8220; overflow=&#8220;visible&#8220; overlay_strength=&#8220;0.3&#8243; gradient_direction=&#8220;left_to_right&#8220; shape_divider_position=&#8220;bottom&#8220; bg_image_animation=&#8220;none&#8220;][vc_column column_padding=&#8220;no-extra-padding&#8220; column_padding_tablet=&#8220;inherit&#8220; column_padding_phone=&#8220;inherit&#8220; column_padding_position=&#8220;all&#8220; column_element_direction_desktop=&#8220;default&#8220; column_element_spacing=&#8220;default&#8220; desktop_text_alignment=&#8220;default&#8220; tablet_text_alignment=&#8220;default&#8220; phone_text_alignment=&#8220;default&#8220; background_color_opacity=&#8220;1&#8243; background_hover_color_opacity=&#8220;1&#8243; column_backdrop_filter=&#8220;none&#8220; column_shadow=&#8220;none&#8220; column_border_radius=&#8220;none&#8220; column_link_target=&#8220;_self&#8220; column_position=&#8220;default&#8220; gradient_direction=&#8220;left_to_right&#8220; overlay_strength=&#8220;0.3&#8243; width=&#8220;1\/1&#8243; tablet_width_inherit=&#8220;default&#8220; animation_type=&#8220;default&#8220; bg_image_animation=&#8220;none&#8220; border_type=&#8220;simple&#8220; column_border_width=&#8220;none&#8220; column_border_style=&#8220;solid&#8220;][vc_column_text]\n<h2>Fortbewegung in Caye Caulker<\/h2>\n<p><strong>Taxi vom Flughafen zum Wassertaxi-Terminal:<\/strong> Wenn Sie uns Bescheid geben, wann Ihr Flug am Flughafen ankommt, k\u00f6nnen wir einen Fahrer organisieren, der Ihren Flug abholt und Sie zum Wassertaxi bringt. Die Fahrt dauert 20 bis 25 Minuten (es gibt keinen Bus oder andere Optionen \u2013 au\u00dfer zu Fu\u00df!) und der Standardpreis betr\u00e4gt 30 US-Dollar f\u00fcr ein Paar und 10 US-Dollar f\u00fcr jede weitere Person. Unser Fahrer verlangt das Gleiche, aber Sie haben den Komfort, von einem zuverl\u00e4ssigen Fahrer abgeholt zu werden, der sich mit Tourismus, Transportwesen usw. auskennt und daher alle Ihre Fragen beantworten kann. Unser Fahrer wird uns anrufen, damit wir wissen, mit welchem Boot Sie ankommen. Es gibt auch einen Taxistand am Flughafen, wenn Sie sich damit wohler f\u00fchlen.<\/p>\n<p><strong>Wassertaxi<\/strong> \u2013 ist die traditionelle Art der Fortbewegung. Die Fahrt von Belize City nach Caye Caulker dauert etwa 45 bis 50 Minuten.<\/p>\n<p>Weitere Informationen finden Sie unter <a href=\"https:\/\/belizewatertaxi.com\"><strong>https:\/\/belizewatertaxi.com<\/strong><\/a> oder <a href=\"https:\/\/sprinter.bz\"><strong>https:\/\/sprinter.bz<\/strong><\/a> .<\/p>\n<p><strong>Flugzeug:<\/strong> \u00a0Es gibt zwei Fluggesellschaften, die nach Caye Caulker fliegen: \u00a0<a href=\"https:\/\/www.tropicair.com\"><strong>https:\/\/www.tropicair.com<\/strong><\/a> und <strong><a href=\"https:\/\/www.mayaislandair.com\">https:\/\/www.mayaislandair.com<\/a><\/strong>[\/vc_column_text][\/vc_column][\/vc_row][vc_row type=&#8220;in_container&#8220; full_screen_row_position=&#8220;middle&#8220; column_margin=&#8220;default&#8220; column_direction=&#8220;default&#8220; column_direction_tablet=&#8220;default&#8220; column_direction_phone=&#8220;default&#8220; scene_position=&#8220;center&#8220; text_color=&#8220;dark&#8220; text_align=&#8220;left&#8220; row_border_radius=&#8220;none&#8220; row_border_radius_applies=&#8220;bg&#8220; overflow=&#8220;visible&#8220; overlay_strength=&#8220;0.3&#8243; gradient_direction=&#8220;left_to_right&#8220; shape_divider_position=&#8220;bottom&#8220; bg_image_animation=&#8220;none&#8220;][vc_column column_padding=&#8220;no-extra-padding&#8220; column_padding_tablet=&#8220;inherit&#8220; column_padding_phone=&#8220;inherit&#8220; column_padding_position=&#8220;all&#8220; column_element_direction_desktop=&#8220;default&#8220; column_element_spacing=&#8220;default&#8220; desktop_text_alignment=&#8220;default&#8220; tablet_text_alignment=&#8220;default&#8220; phone_text_alignment=&#8220;default&#8220; background_color_opacity=&#8220;1&#8243; background_hover_color_opacity=&#8220;1&#8243; column_backdrop_filter=&#8220;none&#8220; column_shadow=&#8220;none&#8220; column_border_radius=&#8220;none&#8220; column_link_target=&#8220;_self&#8220; column_position=&#8220;default&#8220; gradient_direction=&#8220;left_to_right&#8220; overlay_strength=&#8220;0.3&#8243; width=&#8220;1\/1&#8243; tablet_width_inherit=&#8220;default&#8220; animation_type=&#8220;default&#8220; bg_image_animation=&#8220;none&#8220; border_type=&#8220;simple&#8220; column_border_width=&#8220;none&#8220; column_border_style=&#8220;solid&#8220;][vc_column_text]\n<h2>Was Sie f\u00fcr Ihren Urlaub einpacken sollten<\/h2>\n<ul>\n<li>Flip-Flops und geschlossene Schuhe f\u00fcr Trekking, wenn Sie dies vorhaben.<\/li>\n<li>Strandtuch\/Sarong \u2013 wir stellen Bade-\/Poolhandt\u00fccher zur Verf\u00fcgung, aber keine Strandt\u00fccher<\/li>\n<li>Sonnenbrillen \u2013 immer eine gute Idee!<\/li>\n<li>Hut \u2013 das Gleiche!<\/li>\n<li>Regenfeste Ausr\u00fcstung \u2013 wenn nicht, wird es auf Sie regnen!<\/li>\n<li>Insektenschutzmittel \u2013 kann man hier bekommen, aber es ist teuer.<\/li>\n<li>Sonnencreme \u2013 wie oben und versuchen Sie, rifffreundliche zu bekommen!<\/li>\n<li>Maske\/Schnorchel \u2013 vor allem, wenn Sie bisher Probleme hatten, eine gut sitzende Maske zu finden.<\/li>\n<li>Jacke\/Pullover \u2013 f\u00fcr Flugzeuge, Boote und k\u00fchlere Temperaturen!<\/li>\n<li>Gute B\u00fccher und ein Kartenspiel! Es gibt B\u00fcchertauschb\u00f6rsen, keine richtigen Buchl\u00e4den.<\/li>\n<li>Und nat\u00fcrlich gute Laune mitbringen!<\/li>\n<\/ul>\n[\/vc_column_text][\/vc_column][\/vc_row]\n","protected":false},"excerpt":{"rendered":"<p>[vc_row type=&#8220;in_container&#8220; full_screen_row_position=&#8220;middle&#8220; column_margin=&#8220;default&#8220; column_direction=&#8220;default&#8220; column_direction_tablet=&#8220;default&#8220; column_direction_phone=&#8220;default&#8220; scene_position=&#8220;center&#8220; text_color=&#8220;dark&#8220; text_align=&#8220;left&#8220; row_border_radius=&#8220;none&#8220; row_border_radius_applies=&#8220;bg&#8220; overflow=&#8220;visible&#8220; overlay_strength=&#8220;0.3&#8243; gradient_direction=&#8220;left_to_right&#8220; shape_divider_position=&#8220;bottom&#8220; bg_image_animation=&#8220;none&#8220;][vc_column column_padding=&#8220;no-extra-padding&#8220; column_padding_tablet=&#8220;inherit&#8220; column_padding_phone=&#8220;inherit&#8220; column_padding_position=&#8220;all&#8220; column_element_direction_desktop=&#8220;default&#8220; column_element_spacing=&#8220;default&#8220; desktop_text_alignment=&#8220;default&#8220; tablet_text_alignment=&#8220;default&#8220; phone_text_alignment=&#8220;default&#8220; background_color_opacity=&#8220;1&#8243; background_hover_color_opacity=&#8220;1&#8243; column_backdrop_filter=&#8220;none&#8220; column_shadow=&#8220;none&#8220;&#8230;<\/p>\n","protected":false},"author":1,"featured_media":0,"parent":0,"menu_order":0,"comment_status":"closed","ping_status":"closed","template":"","meta":{"footnotes":""},"class_list":["post-833","page","type-page","status-publish"],"yoast_head":"<!-- This site is optimized with the Yoast SEO plugin v26.8 - https:\/\/yoast.com\/product\/yoast-seo-wordpress\/ -->\n<title>N\u00fctzliche Info - Amanda&#039;s Place<\/title>\n<meta name=\"robots\" content=\"index, follow, max-snippet:-1, max-image-preview:large, max-video-preview:-1\" \/>\n<link rel=\"canonical\" href=\"https:\/\/cayecaulkercasita.com\/de\/nuetzliche-info\/\" \/>\n<meta property=\"og:locale\" content=\"de_DE\" \/>\n<meta property=\"og:type\" content=\"article\" \/>\n<meta property=\"og:title\" content=\"N\u00fctzliche Info - Amanda&#039;s Place\" \/>\n<meta property=\"og:description\" content=\"[vc_row type=&#8220;in_container&#8220; full_screen_row_position=&#8220;middle&#8220; column_margin=&#8220;default&#8220; column_direction=&#8220;default&#8220; column_direction_tablet=&#8220;default&#8220; column_direction_phone=&#8220;default&#8220; scene_position=&#8220;center&#8220; text_color=&#8220;dark&#8220; text_align=&#8220;left&#8220; row_border_radius=&#8220;none&#8220; row_border_radius_applies=&#8220;bg&#8220; overflow=&#8220;visible&#8220; overlay_strength=&#8220;0.3&#8243; gradient_direction=&#8220;left_to_right&#8220; shape_divider_position=&#8220;bottom&#8220; bg_image_animation=&#8220;none&#8220;][vc_column column_padding=&#8220;no-extra-padding&#8220; column_padding_tablet=&#8220;inherit&#8220; column_padding_phone=&#8220;inherit&#8220; column_padding_position=&#8220;all&#8220; column_element_direction_desktop=&#8220;default&#8220; column_element_spacing=&#8220;default&#8220; desktop_text_alignment=&#8220;default&#8220; tablet_text_alignment=&#8220;default&#8220; phone_text_alignment=&#8220;default&#8220; background_color_opacity=&#8220;1&#8243; background_hover_color_opacity=&#8220;1&#8243; column_backdrop_filter=&#8220;none&#8220; column_shadow=&#8220;none&#8220;...\" \/>\n<meta property=\"og:url\" content=\"https:\/\/cayecaulkercasita.com\/de\/nuetzliche-info\/\" \/>\n<meta property=\"og:site_name\" content=\"Amanda&#039;s Place\" \/>\n<meta property=\"article:modified_time\" content=\"2023-08-22T15:30:27+00:00\" \/>\n<meta name=\"twitter:card\" content=\"summary_large_image\" \/>\n<meta name=\"twitter:label1\" content=\"Gesch\u00e4tzte Lesezeit\" \/>\n\t<meta name=\"twitter:data1\" content=\"3\u00a0Minuten\" \/>\n<script type=\"application\/ld+json\" class=\"yoast-schema-graph\">{\"@context\":\"https:\/\/schema.org\",\"@graph\":[{\"@type\":\"WebPage\",\"@id\":\"https:\/\/cayecaulkercasita.com\/de\/nuetzliche-info\/\",\"url\":\"https:\/\/cayecaulkercasita.com\/de\/nuetzliche-info\/\",\"name\":\"N\u00fctzliche Info - Amanda's Place\",\"isPartOf\":{\"@id\":\"https:\/\/cayecaulkercasita.com\/de\/#website\"},\"datePublished\":\"2023-06-28T17:49:57+00:00\",\"dateModified\":\"2023-08-22T15:30:27+00:00\",\"breadcrumb\":{\"@id\":\"https:\/\/cayecaulkercasita.com\/de\/nuetzliche-info\/#breadcrumb\"},\"inLanguage\":\"de\",\"potentialAction\":[{\"@type\":\"ReadAction\",\"target\":[\"https:\/\/cayecaulkercasita.com\/de\/nuetzliche-info\/\"]}]},{\"@type\":\"BreadcrumbList\",\"@id\":\"https:\/\/cayecaulkercasita.com\/de\/nuetzliche-info\/#breadcrumb\",\"itemListElement\":[{\"@type\":\"ListItem\",\"position\":1,\"name\":\"Home\",\"item\":\"https:\/\/cayecaulkercasita.com\/de\/\"},{\"@type\":\"ListItem\",\"position\":2,\"name\":\"N\u00fctzliche Info\"}]},{\"@type\":\"WebSite\",\"@id\":\"https:\/\/cayecaulkercasita.com\/de\/#website\",\"url\":\"https:\/\/cayecaulkercasita.com\/de\/\",\"name\":\"Amanda's Place\",\"description\":\"Vacation Rental Homes in Caye Caulker, Belize\",\"potentialAction\":[{\"@type\":\"SearchAction\",\"target\":{\"@type\":\"EntryPoint\",\"urlTemplate\":\"https:\/\/cayecaulkercasita.com\/de\/?s={search_term_string}\"},\"query-input\":{\"@type\":\"PropertyValueSpecification\",\"valueRequired\":true,\"valueName\":\"search_term_string\"}}],\"inLanguage\":\"de\"}]}<\/script>\n<!-- \/ Yoast SEO plugin. -->","yoast_head_json":{"title":"N\u00fctzliche Info - Amanda's Place","robots":{"index":"index","follow":"follow","max-snippet":"max-snippet:-1","max-image-preview":"max-image-preview:large","max-video-preview":"max-video-preview:-1"},"canonical":"https:\/\/cayecaulkercasita.com\/de\/nuetzliche-info\/","og_locale":"de_DE","og_type":"article","og_title":"N\u00fctzliche Info - Amanda's Place","og_description":"[vc_row type=&#8220;in_container&#8220; full_screen_row_position=&#8220;middle&#8220; column_margin=&#8220;default&#8220; column_direction=&#8220;default&#8220; column_direction_tablet=&#8220;default&#8220; column_direction_phone=&#8220;default&#8220; scene_position=&#8220;center&#8220; text_color=&#8220;dark&#8220; text_align=&#8220;left&#8220; row_border_radius=&#8220;none&#8220; row_border_radius_applies=&#8220;bg&#8220; overflow=&#8220;visible&#8220; overlay_strength=&#8220;0.3&#8243; gradient_direction=&#8220;left_to_right&#8220; shape_divider_position=&#8220;bottom&#8220; bg_image_animation=&#8220;none&#8220;][vc_column column_padding=&#8220;no-extra-padding&#8220; column_padding_tablet=&#8220;inherit&#8220; column_padding_phone=&#8220;inherit&#8220; column_padding_position=&#8220;all&#8220; column_element_direction_desktop=&#8220;default&#8220; column_element_spacing=&#8220;default&#8220; desktop_text_alignment=&#8220;default&#8220; tablet_text_alignment=&#8220;default&#8220; phone_text_alignment=&#8220;default&#8220; background_color_opacity=&#8220;1&#8243; background_hover_color_opacity=&#8220;1&#8243; column_backdrop_filter=&#8220;none&#8220; column_shadow=&#8220;none&#8220;...","og_url":"https:\/\/cayecaulkercasita.com\/de\/nuetzliche-info\/","og_site_name":"Amanda's Place","article_modified_time":"2023-08-22T15:30:27+00:00","twitter_card":"summary_large_image","twitter_misc":{"Gesch\u00e4tzte Lesezeit":"3\u00a0Minuten"},"schema":{"@context":"https:\/\/schema.org","@graph":[{"@type":"WebPage","@id":"https:\/\/cayecaulkercasita.com\/de\/nuetzliche-info\/","url":"https:\/\/cayecaulkercasita.com\/de\/nuetzliche-info\/","name":"N\u00fctzliche Info - Amanda's Place","isPartOf":{"@id":"https:\/\/cayecaulkercasita.com\/de\/#website"},"datePublished":"2023-06-28T17:49:57+00:00","dateModified":"2023-08-22T15:30:27+00:00","breadcrumb":{"@id":"https:\/\/cayecaulkercasita.com\/de\/nuetzliche-info\/#breadcrumb"},"inLanguage":"de","potentialAction":[{"@type":"ReadAction","target":["https:\/\/cayecaulkercasita.com\/de\/nuetzliche-info\/"]}]},{"@type":"BreadcrumbList","@id":"https:\/\/cayecaulkercasita.com\/de\/nuetzliche-info\/#breadcrumb","itemListElement":[{"@type":"ListItem","position":1,"name":"Home","item":"https:\/\/cayecaulkercasita.com\/de\/"},{"@type":"ListItem","position":2,"name":"N\u00fctzliche Info"}]},{"@type":"WebSite","@id":"https:\/\/cayecaulkercasita.com\/de\/#website","url":"https:\/\/cayecaulkercasita.com\/de\/","name":"Amanda's Place","description":"Vacation Rental Homes in Caye Caulker, Belize","potentialAction":[{"@type":"SearchAction","target":{"@type":"EntryPoint","urlTemplate":"https:\/\/cayecaulkercasita.com\/de\/?s={search_term_string}"},"query-input":{"@type":"PropertyValueSpecification","valueRequired":true,"valueName":"search_term_string"}}],"inLanguage":"de"}]}},"_links":{"self":[{"href":"https:\/\/cayecaulkercasita.com\/de\/wp-json\/wp\/v2\/pages\/833","targetHints":{"allow":["GET"]}}],"collection":[{"href":"https:\/\/cayecaulkercasita.com\/de\/wp-json\/wp\/v2\/pages"}],"about":[{"href":"https:\/\/cayecaulkercasita.com\/de\/wp-json\/wp\/v2\/types\/page"}],"author":[{"embeddable":true,"href":"https:\/\/cayecaulkercasita.com\/de\/wp-json\/wp\/v2\/users\/1"}],"replies":[{"embeddable":true,"href":"https:\/\/cayecaulkercasita.com\/de\/wp-json\/wp\/v2\/comments?post=833"}],"version-history":[{"count":6,"href":"https:\/\/cayecaulkercasita.com\/de\/wp-json\/wp\/v2\/pages\/833\/revisions"}],"predecessor-version":[{"id":1112,"href":"https:\/\/cayecaulkercasita.com\/de\/wp-json\/wp\/v2\/pages\/833\/revisions\/1112"}],"wp:attachment":[{"href":"https:\/\/cayecaulkercasita.com\/de\/wp-json\/wp\/v2\/media?parent=833"}],"curies":[{"name":"wp","href":"https:\/\/api.w.org\/{rel}","templated":true}]}}