{"id":817,"date":"2023-08-03T17:40:48","date_gmt":"2023-08-03T17:40:48","guid":{"rendered":"https:\/\/dev.cayecaulkercasita.com\/?page_id=817"},"modified":"2023-08-20T19:45:40","modified_gmt":"2023-08-20T19:45:40","slug":"faq","status":"publish","type":"page","link":"https:\/\/cayecaulkercasita.com\/de\/faq\/","title":{"rendered":"FAQ"},"content":{"rendered":"[vc_row type=&#8220;in_container&#8220; full_screen_row_position=&#8220;middle&#8220; column_margin=&#8220;default&#8220; column_direction=&#8220;default&#8220; column_direction_tablet=&#8220;default&#8220; column_direction_phone=&#8220;default&#8220; scene_position=&#8220;center&#8220; text_color=&#8220;dark&#8220; text_align=&#8220;left&#8220; row_border_radius=&#8220;none&#8220; row_border_radius_applies=&#8220;bg&#8220; overflow=&#8220;visible&#8220; overlay_strength=&#8220;0.3&#8243; gradient_direction=&#8220;left_to_right&#8220; shape_divider_position=&#8220;bottom&#8220; bg_image_animation=&#8220;none&#8220;][vc_column column_padding=&#8220;no-extra-padding&#8220; column_padding_tablet=&#8220;inherit&#8220; column_padding_phone=&#8220;inherit&#8220; column_padding_position=&#8220;all&#8220; column_element_direction_desktop=&#8220;default&#8220; column_element_spacing=&#8220;default&#8220; desktop_text_alignment=&#8220;default&#8220; tablet_text_alignment=&#8220;default&#8220; phone_text_alignment=&#8220;default&#8220; background_color_opacity=&#8220;1&#8243; background_hover_color_opacity=&#8220;1&#8243; column_backdrop_filter=&#8220;none&#8220; column_shadow=&#8220;none&#8220; column_border_radius=&#8220;none&#8220; column_link_target=&#8220;_self&#8220; column_position=&#8220;default&#8220; gradient_direction=&#8220;left_to_right&#8220; overlay_strength=&#8220;0.3&#8243; width=&#8220;1\/1&#8243; tablet_width_inherit=&#8220;default&#8220; animation_type=&#8220;default&#8220; bg_image_animation=&#8220;none&#8220; border_type=&#8220;simple&#8220; column_border_width=&#8220;none&#8220; column_border_style=&#8220;solid&#8220;][divider line_type=&#8220;No Line&#8220; custom_height=&#8220;35&#8243;][toggles style=&#8220;default&#8220; border_radius=&#8220;none&#8220;][toggle color=&#8220;Default&#8220; heading_tag=&#8220;default&#8220; heading_tag_functionality=&#8220;default&#8220; title=&#8220;Wo befindet sich Amanda\u2019s Place auf der Insel?&#8220;][vc_column_text]Wir sind zentral gelegen, nur 1,5 Blocks vom Wassertaxi-Terminal entfernt, die Stra\u00dfe hinunter mit Restaurants, Touren und 1 Minute. zu Fu\u00df vom Meer entfernt.[\/vc_column_text][\/toggle][toggle color=&#8220;Default&#8220; heading_tag=&#8220;default&#8220; heading_tag_functionality=&#8220;default&#8220; title=&#8220;Wie erreiche ich Caye Caulker vom internationalen Flughafen Belize City?&#8220;][vc_column_text]<strong>Es gibt 2 M\u00f6glichkeiten:<\/strong><\/p>\n<p><strong>Erste M\u00f6glichkeit:<\/strong> Nehmen Sie ein Taxi vom Flughafen zum Wassertaxi in der Innenstadt. Wir k\u00f6nnen unseren Fahrer zu Ihrem Flug schicken und er wird Sie dann am Wassertaxi-Terminal absetzen. Es dauert etwa 25 Minuten. fahren. Dazu ben\u00f6tigen wir Ihre Flugdaten.<\/p>\n<p>Es gibt zwei Wassertaxiunternehmen mit gleicherma\u00dfen gutem Service. Sie k\u00f6nnen die Fahrpl\u00e4ne auf https:\/\/sprinter.bz\/ und https:\/\/belizewatertaxi.com\/schedule\/ einsehen. Die Fahrt dauert etwa 45 Minuten.<\/p>\n<p><strong>Zweite Option:<\/strong> Fliegen Sie mit www.tropicair.com oder www.mayaislandair.com. Nach 10 Min. Flug landen Sie auf dem kleinen Flughafen Caye Caulker.[\/vc_column_text][\/toggle][toggle color=&#8220;Default&#8220; heading_tag=&#8220;default&#8220; heading_tag_functionality=&#8220;default&#8220; title=&#8220;Wie erreiche ich Amanda\u2019s Place auf der Insel?&#8220;][vc_column_text]Die Unterkunft befindet sich in der Front Street, s\u00fcdlich des Wassertaxi-Terminals.<\/p>\n<p>Wenn Sie mit dem Wassertaxi anreisen: zu Fu\u00df sind es 5 Minuten. gehen; \u00dcberqueren Sie das Basketballfeld (San Pedro Belize Express) oder gehen Sie geradeaus (Caribbean Sprinter), biegen Sie links in die Front Street ein, gehen Sie am Hibisca Restaurant, Amor Y Cafe und Pasta Per Caso vorbei. Amanda&#8217;s Place befindet sich an der n\u00e4chsten Ecke auf der rechten Seite. Drau\u00dfen h\u00e4ngt ein Schild.<br \/>\nWenn Sie am Flughafen ankommen: 25 Minuten. gehen; Nehmen Sie die Stra\u00dfe vor dem Flughafen geradeaus zur Aventurera-Stra\u00dfe, biegen Sie rechts ab und gehen Sie, bis Sie die Front Street (Avenida Hicaco) \u00fcberqueren. Biegen Sie rechts ab und Amanda\u2019S Place befindet sich zu Ihrer Rechten.<\/p>\n<p>Drau\u00dfen h\u00e4ngt ein Schild.<\/p>\n<p>Wir k\u00f6nnen f\u00fcr Sie ein lokales Taxi buchen, das Sie am Wassertaxi-Terminal oder am Flughafen abholt. Fragen Sie uns einfach danach.[\/vc_column_text][\/toggle][toggle color=&#8220;Default&#8220; heading_tag=&#8220;default&#8220; heading_tag_functionality=&#8220;default&#8220; title=&#8220;Was sind die Hauptaktivit\u00e4ten auf der Insel?&#8220;][vc_column_text]Schnorcheln und Tauchen sind die beliebtesten Aktivit\u00e4ten, aber auch Angeln, Paddeln, Kajakfahren, Radfahren und Wandern sind andere M\u00f6glichkeiten, Ihre Zeit zu verbringen. Und vergessen Sie nat\u00fcrlich nicht, nach Ihren Aktivit\u00e4ten am Pool von Amanda\u2019s Place zu entspannen. Abends bieten Restaurants und Bars gutes Essen, Getr\u00e4nke und Live-Musik.[\/vc_column_text][\/toggle][toggle color=&#8220;Default&#8220; heading_tag=&#8220;default&#8220; heading_tag_functionality=&#8220;default&#8220; title=&#8220;Welche W\u00e4hrung gilt in Belize?&#8220;][vc_column_text]Wir haben den Belize-Dollar. BZD. Die Bindung an den US-Dollar betr\u00e4gt 2BZD:1USD. Auf Caye Caulker gibt es zwei Geldautomaten, die ausl\u00e4ndische Karten akzeptieren. Die US-W\u00e4hrung wird weitgehend akzeptiert und Ihr Wechselgeld wird in BZD-Dollar zur\u00fcckgegeben. Kreditkarten werden fast \u00fcberall akzeptiert.[\/vc_column_text][\/toggle][toggle color=&#8220;Default&#8220; heading_tag=&#8220;default&#8220; heading_tag_functionality=&#8220;default&#8220; title=&#8220;Ist es m\u00f6glich, ein Fahrrad oder einen Golfwagen zu mieten?&#8220;][vc_column_text]Ja, es gibt mehrere Orte, an denen Sie f\u00fcr einige Stunden oder mehrere Tage Fahrr\u00e4der oder Golfwagen mieten k\u00f6nnen. Amanda\u2019s Place stellt keine Fahrr\u00e4der zur Verf\u00fcgung, da es zentral gelegen ist und alles zu Fu\u00df erreichbar ist.[\/vc_column_text][\/toggle][toggle color=&#8220;Default&#8220; heading_tag=&#8220;default&#8220; heading_tag_functionality=&#8220;default&#8220; title=&#8220;Wie ist die Check-in-\/Check-out-Zeit?&#8220;][vc_column_text]Check-in-Zeiten \u2013 Gerne checken wir Sie jederzeit ein. Check-out-Zeiten \u2013 10 Uhr ist die ideale Check-out-Zeit.<\/p>\n<p>e ist bereit \u2013 das kann variieren, also erkundigen Sie sich vorher bei uns, ob Sie vor 15:00 Uhr eintreffen m\u00f6chten.[\/vc_column_text][\/toggle][toggle color=&#8220;Default&#8220; heading_tag=&#8220;default&#8220; heading_tag_functionality=&#8220;default&#8220; title=&#8220;Stellen Sie Bettw\u00e4sche bereit?&#8220;][vc_column_text]Wir stellen Bettw\u00e4sche, Handt\u00fccher und Badet\u00fccher zur Verf\u00fcgung.[\/vc_column_text][\/toggle][toggle color=&#8220;Default&#8220; heading_tag=&#8220;default&#8220; heading_tag_functionality=&#8220;default&#8220; title=&#8220;Wird der Pool gemeinschaftlich genutzt?&#8220;][vc_column_text]Ja, der Pool wird von den 4 Unterk\u00fcnften gemeinsam genutzt (max. 12-14 Personen).[\/vc_column_text][\/toggle][toggle color=&#8220;Default&#8220; heading_tag=&#8220;default&#8220; heading_tag_functionality=&#8220;default&#8220; title=&#8220;Gibt es eine Apotheke?&#8220;][vc_column_text]Auf der Insel gibt es 2 Apotheken.[\/vc_column_text][\/toggle][toggle color=&#8220;Default&#8220; heading_tag=&#8220;default&#8220; heading_tag_functionality=&#8220;default&#8220; title=&#8220;Gibt es einen Arzt?&#8220;][vc_column_text]Ja, es gibt \u00c4rzte und ein Gesundheitszentrum.[\/vc_column_text][\/toggle][toggle color=&#8220;Default&#8220; heading_tag=&#8220;default&#8220; heading_tag_functionality=&#8220;default&#8220; title=&#8220;Gibt es Str\u00e4nde in Caye Caulker?&#8220;][vc_column_text]Es gibt keinen gro\u00dfen Sandstrand, aber mehrere Badestellen im Meer.[\/vc_column_text][\/toggle][toggle color=&#8220;Default&#8220; heading_tag=&#8220;default&#8220; heading_tag_functionality=&#8220;default&#8220; title=&#8220;Organisation des Aufenthalts?&#8220;][vc_column_text]Wir k\u00f6nnen Ihnen bei der Organisation Ihres Aufenthalts helfen, indem wir Aktivit\u00e4ten und\/oder Restaurants im Voraus f\u00fcr Sie reservieren. Fragen Sie uns nach weiteren Details.[\/vc_column_text][\/toggle][\/toggles][\/vc_column][\/vc_row]\n","protected":false},"excerpt":{"rendered":"<p>[vc_row type=&#8220;in_container&#8220; full_screen_row_position=&#8220;middle&#8220; column_margin=&#8220;default&#8220; column_direction=&#8220;default&#8220; column_direction_tablet=&#8220;default&#8220; column_direction_phone=&#8220;default&#8220; scene_position=&#8220;center&#8220; text_color=&#8220;dark&#8220; text_align=&#8220;left&#8220; row_border_radius=&#8220;none&#8220; row_border_radius_applies=&#8220;bg&#8220; overflow=&#8220;visible&#8220; overlay_strength=&#8220;0.3&#8243; gradient_direction=&#8220;left_to_right&#8220; shape_divider_position=&#8220;bottom&#8220; bg_image_animation=&#8220;none&#8220;][vc_column column_padding=&#8220;no-extra-padding&#8220; column_padding_tablet=&#8220;inherit&#8220; column_padding_phone=&#8220;inherit&#8220; column_padding_position=&#8220;all&#8220; column_element_direction_desktop=&#8220;default&#8220; column_element_spacing=&#8220;default&#8220; desktop_text_alignment=&#8220;default&#8220; tablet_text_alignment=&#8220;default&#8220; phone_text_alignment=&#8220;default&#8220; background_color_opacity=&#8220;1&#8243; background_hover_color_opacity=&#8220;1&#8243; column_backdrop_filter=&#8220;none&#8220; column_shadow=&#8220;none&#8220;&#8230;<\/p>\n","protected":false},"author":1,"featured_media":0,"parent":0,"menu_order":0,"comment_status":"closed","ping_status":"closed","template":"","meta":{"footnotes":""},"class_list":["post-817","page","type-page","status-publish"],"yoast_head":"<!-- This site is optimized with the Yoast SEO plugin v26.8 - https:\/\/yoast.com\/product\/yoast-seo-wordpress\/ -->\n<title>FAQ - Amanda&#039;s Place<\/title>\n<meta name=\"robots\" content=\"index, follow, max-snippet:-1, max-image-preview:large, max-video-preview:-1\" \/>\n<link rel=\"canonical\" href=\"https:\/\/cayecaulkercasita.com\/de\/faq\/\" \/>\n<meta property=\"og:locale\" content=\"de_DE\" \/>\n<meta property=\"og:type\" content=\"article\" \/>\n<meta property=\"og:title\" content=\"FAQ - Amanda&#039;s Place\" \/>\n<meta property=\"og:description\" content=\"[vc_row type=&#8220;in_container&#8220; full_screen_row_position=&#8220;middle&#8220; column_margin=&#8220;default&#8220; column_direction=&#8220;default&#8220; column_direction_tablet=&#8220;default&#8220; column_direction_phone=&#8220;default&#8220; scene_position=&#8220;center&#8220; text_color=&#8220;dark&#8220; text_align=&#8220;left&#8220; row_border_radius=&#8220;none&#8220; row_border_radius_applies=&#8220;bg&#8220; overflow=&#8220;visible&#8220; overlay_strength=&#8220;0.3&#8243; gradient_direction=&#8220;left_to_right&#8220; shape_divider_position=&#8220;bottom&#8220; bg_image_animation=&#8220;none&#8220;][vc_column column_padding=&#8220;no-extra-padding&#8220; column_padding_tablet=&#8220;inherit&#8220; column_padding_phone=&#8220;inherit&#8220; column_padding_position=&#8220;all&#8220; column_element_direction_desktop=&#8220;default&#8220; column_element_spacing=&#8220;default&#8220; desktop_text_alignment=&#8220;default&#8220; tablet_text_alignment=&#8220;default&#8220; phone_text_alignment=&#8220;default&#8220; background_color_opacity=&#8220;1&#8243; background_hover_color_opacity=&#8220;1&#8243; column_backdrop_filter=&#8220;none&#8220; column_shadow=&#8220;none&#8220;...\" \/>\n<meta property=\"og:url\" content=\"https:\/\/cayecaulkercasita.com\/de\/faq\/\" \/>\n<meta property=\"og:site_name\" content=\"Amanda&#039;s Place\" \/>\n<meta property=\"article:modified_time\" content=\"2023-08-20T19:45:40+00:00\" \/>\n<meta name=\"twitter:card\" content=\"summary_large_image\" \/>\n<meta name=\"twitter:label1\" content=\"Gesch\u00e4tzte Lesezeit\" \/>\n\t<meta name=\"twitter:data1\" content=\"3\u00a0Minuten\" \/>\n<script type=\"application\/ld+json\" class=\"yoast-schema-graph\">{\"@context\":\"https:\/\/schema.org\",\"@graph\":[{\"@type\":\"WebPage\",\"@id\":\"https:\/\/cayecaulkercasita.com\/de\/faq\/\",\"url\":\"https:\/\/cayecaulkercasita.com\/de\/faq\/\",\"name\":\"FAQ - Amanda's Place\",\"isPartOf\":{\"@id\":\"https:\/\/cayecaulkercasita.com\/de\/#website\"},\"datePublished\":\"2023-08-03T17:40:48+00:00\",\"dateModified\":\"2023-08-20T19:45:40+00:00\",\"breadcrumb\":{\"@id\":\"https:\/\/cayecaulkercasita.com\/de\/faq\/#breadcrumb\"},\"inLanguage\":\"de\",\"potentialAction\":[{\"@type\":\"ReadAction\",\"target\":[\"https:\/\/cayecaulkercasita.com\/de\/faq\/\"]}]},{\"@type\":\"BreadcrumbList\",\"@id\":\"https:\/\/cayecaulkercasita.com\/de\/faq\/#breadcrumb\",\"itemListElement\":[{\"@type\":\"ListItem\",\"position\":1,\"name\":\"Home\",\"item\":\"https:\/\/cayecaulkercasita.com\/de\/\"},{\"@type\":\"ListItem\",\"position\":2,\"name\":\"FAQ\"}]},{\"@type\":\"WebSite\",\"@id\":\"https:\/\/cayecaulkercasita.com\/de\/#website\",\"url\":\"https:\/\/cayecaulkercasita.com\/de\/\",\"name\":\"Amanda's Place\",\"description\":\"Vacation Rental Homes in Caye Caulker, Belize\",\"potentialAction\":[{\"@type\":\"SearchAction\",\"target\":{\"@type\":\"EntryPoint\",\"urlTemplate\":\"https:\/\/cayecaulkercasita.com\/de\/?s={search_term_string}\"},\"query-input\":{\"@type\":\"PropertyValueSpecification\",\"valueRequired\":true,\"valueName\":\"search_term_string\"}}],\"inLanguage\":\"de\"}]}<\/script>\n<!-- \/ Yoast SEO plugin. -->","yoast_head_json":{"title":"FAQ - Amanda's Place","robots":{"index":"index","follow":"follow","max-snippet":"max-snippet:-1","max-image-preview":"max-image-preview:large","max-video-preview":"max-video-preview:-1"},"canonical":"https:\/\/cayecaulkercasita.com\/de\/faq\/","og_locale":"de_DE","og_type":"article","og_title":"FAQ - Amanda's Place","og_description":"[vc_row type=&#8220;in_container&#8220; full_screen_row_position=&#8220;middle&#8220; column_margin=&#8220;default&#8220; column_direction=&#8220;default&#8220; column_direction_tablet=&#8220;default&#8220; column_direction_phone=&#8220;default&#8220; scene_position=&#8220;center&#8220; text_color=&#8220;dark&#8220; text_align=&#8220;left&#8220; row_border_radius=&#8220;none&#8220; row_border_radius_applies=&#8220;bg&#8220; overflow=&#8220;visible&#8220; overlay_strength=&#8220;0.3&#8243; gradient_direction=&#8220;left_to_right&#8220; shape_divider_position=&#8220;bottom&#8220; bg_image_animation=&#8220;none&#8220;][vc_column column_padding=&#8220;no-extra-padding&#8220; column_padding_tablet=&#8220;inherit&#8220; column_padding_phone=&#8220;inherit&#8220; column_padding_position=&#8220;all&#8220; column_element_direction_desktop=&#8220;default&#8220; column_element_spacing=&#8220;default&#8220; desktop_text_alignment=&#8220;default&#8220; tablet_text_alignment=&#8220;default&#8220; phone_text_alignment=&#8220;default&#8220; background_color_opacity=&#8220;1&#8243; background_hover_color_opacity=&#8220;1&#8243; column_backdrop_filter=&#8220;none&#8220; column_shadow=&#8220;none&#8220;...","og_url":"https:\/\/cayecaulkercasita.com\/de\/faq\/","og_site_name":"Amanda's Place","article_modified_time":"2023-08-20T19:45:40+00:00","twitter_card":"summary_large_image","twitter_misc":{"Gesch\u00e4tzte Lesezeit":"3\u00a0Minuten"},"schema":{"@context":"https:\/\/schema.org","@graph":[{"@type":"WebPage","@id":"https:\/\/cayecaulkercasita.com\/de\/faq\/","url":"https:\/\/cayecaulkercasita.com\/de\/faq\/","name":"FAQ - Amanda's Place","isPartOf":{"@id":"https:\/\/cayecaulkercasita.com\/de\/#website"},"datePublished":"2023-08-03T17:40:48+00:00","dateModified":"2023-08-20T19:45:40+00:00","breadcrumb":{"@id":"https:\/\/cayecaulkercasita.com\/de\/faq\/#breadcrumb"},"inLanguage":"de","potentialAction":[{"@type":"ReadAction","target":["https:\/\/cayecaulkercasita.com\/de\/faq\/"]}]},{"@type":"BreadcrumbList","@id":"https:\/\/cayecaulkercasita.com\/de\/faq\/#breadcrumb","itemListElement":[{"@type":"ListItem","position":1,"name":"Home","item":"https:\/\/cayecaulkercasita.com\/de\/"},{"@type":"ListItem","position":2,"name":"FAQ"}]},{"@type":"WebSite","@id":"https:\/\/cayecaulkercasita.com\/de\/#website","url":"https:\/\/cayecaulkercasita.com\/de\/","name":"Amanda's Place","description":"Vacation Rental Homes in Caye Caulker, Belize","potentialAction":[{"@type":"SearchAction","target":{"@type":"EntryPoint","urlTemplate":"https:\/\/cayecaulkercasita.com\/de\/?s={search_term_string}"},"query-input":{"@type":"PropertyValueSpecification","valueRequired":true,"valueName":"search_term_string"}}],"inLanguage":"de"}]}},"_links":{"self":[{"href":"https:\/\/cayecaulkercasita.com\/de\/wp-json\/wp\/v2\/pages\/817","targetHints":{"allow":["GET"]}}],"collection":[{"href":"https:\/\/cayecaulkercasita.com\/de\/wp-json\/wp\/v2\/pages"}],"about":[{"href":"https:\/\/cayecaulkercasita.com\/de\/wp-json\/wp\/v2\/types\/page"}],"author":[{"embeddable":true,"href":"https:\/\/cayecaulkercasita.com\/de\/wp-json\/wp\/v2\/users\/1"}],"replies":[{"embeddable":true,"href":"https:\/\/cayecaulkercasita.com\/de\/wp-json\/wp\/v2\/comments?post=817"}],"version-history":[{"count":7,"href":"https:\/\/cayecaulkercasita.com\/de\/wp-json\/wp\/v2\/pages\/817\/revisions"}],"predecessor-version":[{"id":1069,"href":"https:\/\/cayecaulkercasita.com\/de\/wp-json\/wp\/v2\/pages\/817\/revisions\/1069"}],"wp:attachment":[{"href":"https:\/\/cayecaulkercasita.com\/de\/wp-json\/wp\/v2\/media?parent=817"}],"curies":[{"name":"wp","href":"https:\/\/api.w.org\/{rel}","templated":true}]}}